{"id":53,"date":"2024-06-12T13:05:11","date_gmt":"2024-06-12T11:05:11","guid":{"rendered":"https:\/\/1fcah.de\/?page_id=53"},"modified":"2024-06-12T13:06:44","modified_gmt":"2024-06-12T11:06:44","slug":"impressum","status":"publish","type":"page","link":"https:\/\/1fcah.de\/?page_id=53","title":{"rendered":"Impressum"},"content":{"rendered":"\n<p><strong>Impressum<\/strong><\/p>\n\n\n\n<p>1. FC Alt-H\u00fcrth 2023 e.V.<br>Postfach 12 20<br>50329 H\u00fcrth<\/p>\n\n\n\n<p>Handelsregister: VR 21703<br>Registergericht: K\u00f6ln<\/p>\n\n\n\n<p><strong>Vertreten durch:<\/strong><br>Giuseppe Gabriele (1. Vorsitzender)<\/p>\n\n\n\n<h2 class=\"wp-block-heading\">Kontakt<\/h2>\n\n\n\n<p>Telefon: 01603492131<br>E-Mail: info@1fcah.de<\/p>\n\n\n\n<h2 class=\"wp-block-heading\">EU-Streitschlichtung<\/h2>\n\n\n\n<p>Die Europ\u00e4ische Kommission stellt eine Plattform zur Online-Streitbeilegung (OS) bereit: <a href=\"https:\/\/ec.europa.eu\/consumers\/odr\/\" target=\"_blank\" rel=\"noreferrer noopener\">https:\/\/ec.europa.eu\/consumers\/odr\/<\/a>.<br>Unsere E-Mail-Adresse finden Sie oben im Impressum.<\/p>\n\n\n\n<h2 class=\"wp-block-heading\">Verbraucher\u00adstreit\u00adbeilegung\/Universal\u00adschlichtungs\u00adstelle<\/h2>\n\n\n\n<p>Wir sind nicht bereit oder verpflichtet, an Streitbeilegungsverfahren vor einer Verbraucherschlichtungsstelle teilzunehmen.<\/p>\n\n\n\n<p>Quelle: <a href=\"https:\/\/www.e-recht24.de\">https:\/\/www.e-recht24.de<\/a><\/p>\n","protected":false},"excerpt":{"rendered":"<p>Impressum 1. FC Alt-H\u00fcrth 2023 e.V.Postfach 12 2050329 H\u00fcrth Handelsregister: VR 21703Registergericht: K\u00f6ln Vertreten durch:Giuseppe Gabriele (1. Vorsitzender) Kontakt Telefon: 01603492131E-Mail: info@1fcah.de EU-Streitschlichtung Die Europ\u00e4ische Kommission stellt eine Plattform zur Online-Streitbeilegung (OS) bereit: https:\/\/ec.europa.eu\/consumers\/odr\/.Unsere E-Mail-Adresse finden Sie oben im Impressum. Verbraucher\u00adstreit\u00adbeilegung\/Universal\u00adschlichtungs\u00adstelle Wir sind nicht bereit oder verpflichtet, an Streitbeilegungsverfahren vor einer Verbraucherschlichtungsstelle teilzunehmen. Quelle: https:\/\/www.e-recht24.de<\/p>\n","protected":false},"author":1,"featured_media":0,"parent":0,"menu_order":0,"comment_status":"closed","ping_status":"closed","template":"","meta":{"footnotes":""},"class_list":["post-53","page","type-page","status-publish","hentry"],"_links":{"self":[{"href":"https:\/\/1fcah.de\/index.php?rest_route=\/wp\/v2\/pages\/53","targetHints":{"allow":["GET"]}}],"collection":[{"href":"https:\/\/1fcah.de\/index.php?rest_route=\/wp\/v2\/pages"}],"about":[{"href":"https:\/\/1fcah.de\/index.php?rest_route=\/wp\/v2\/types\/page"}],"author":[{"embeddable":true,"href":"https:\/\/1fcah.de\/index.php?rest_route=\/wp\/v2\/users\/1"}],"replies":[{"embeddable":true,"href":"https:\/\/1fcah.de\/index.php?rest_route=%2Fwp%2Fv2%2Fcomments&post=53"}],"version-history":[{"count":2,"href":"https:\/\/1fcah.de\/index.php?rest_route=\/wp\/v2\/pages\/53\/revisions"}],"predecessor-version":[{"id":56,"href":"https:\/\/1fcah.de\/index.php?rest_route=\/wp\/v2\/pages\/53\/revisions\/56"}],"wp:attachment":[{"href":"https:\/\/1fcah.de\/index.php?rest_route=%2Fwp%2Fv2%2Fmedia&parent=53"}],"curies":[{"name":"wp","href":"https:\/\/api.w.org\/{rel}","templated":true}]}}