{"id":8,"date":"2024-06-12T11:59:21","date_gmt":"2024-06-12T09:59:21","guid":{"rendered":"https:\/\/1fcah.de\/?page_id=8"},"modified":"2024-10-22T19:15:38","modified_gmt":"2024-10-22T17:15:38","slug":"elementor-8","status":"publish","type":"page","link":"https:\/\/1fcah.de\/","title":{"rendered":"1. FC Alt-H\u00fcrth 2023 e.V."},"content":{"rendered":"\t\t<div data-elementor-type=\"wp-post\" data-elementor-id=\"8\" class=\"elementor elementor-8\" data-elementor-post-type=\"page\">\n\t\t\t\t<div class=\"elementor-element elementor-element-0b383a5 e-con-full e-flex e-con e-parent\" data-id=\"0b383a5\" data-element_type=\"container\">\n\t\t\t\t<div class=\"elementor-element elementor-element-7f642e4 elementor-widget__width-initial elementor-widget-mobile__width-initial elementor-widget elementor-widget-image\" data-id=\"7f642e4\" data-element_type=\"widget\" data-widget_type=\"image.default\">\n\t\t\t\t<div class=\"elementor-widget-container\">\n\t\t\t\t\t\t\t\t\t\t\t\t\t\t\t<img fetchpriority=\"high\" decoding=\"async\" width=\"800\" height=\"441\" src=\"https:\/\/1fcah.de\/wp-content\/uploads\/2024\/06\/1.-FC-Alt-Huerth_Spielstaette-1024x564.jpg\" class=\"attachment-large size-large wp-image-12\" alt=\"\" srcset=\"https:\/\/1fcah.de\/wp-content\/uploads\/2024\/06\/1.-FC-Alt-Huerth_Spielstaette-1024x564.jpg 1024w, https:\/\/1fcah.de\/wp-content\/uploads\/2024\/06\/1.-FC-Alt-Huerth_Spielstaette-300x165.jpg 300w, https:\/\/1fcah.de\/wp-content\/uploads\/2024\/06\/1.-FC-Alt-Huerth_Spielstaette-768x423.jpg 768w, https:\/\/1fcah.de\/wp-content\/uploads\/2024\/06\/1.-FC-Alt-Huerth_Spielstaette-1536x846.jpg 1536w, https:\/\/1fcah.de\/wp-content\/uploads\/2024\/06\/1.-FC-Alt-Huerth_Spielstaette.jpg 1960w\" sizes=\"(max-width: 800px) 100vw, 800px\" \/>\t\t\t\t\t\t\t\t\t\t\t\t\t\t\t<\/div>\n\t\t\t\t<\/div>\n\t\t<div class=\"elementor-element elementor-element-eac39e0 e-flex e-con-boxed e-con e-child\" data-id=\"eac39e0\" data-element_type=\"container\" data-settings=\"{&quot;background_background&quot;:&quot;classic&quot;}\">\n\t\t\t\t\t<div class=\"e-con-inner\">\n\t\t\t\t<div class=\"elementor-element elementor-element-b999e99 elementor-widget elementor-widget-heading\" data-id=\"b999e99\" data-element_type=\"widget\" data-widget_type=\"heading.default\">\n\t\t\t\t<div class=\"elementor-widget-container\">\n\t\t\t\t\t<h2 class=\"elementor-heading-title elementor-size-default\">Unser Verein<\/h2>\t\t\t\t<\/div>\n\t\t\t\t<\/div>\n\t\t\t\t<div class=\"elementor-element elementor-element-f57e9db elementor-widget__width-initial elementor-widget-mobile__width-initial elementor-widget elementor-widget-text-editor\" data-id=\"f57e9db\" data-element_type=\"widget\" data-widget_type=\"text-editor.default\">\n\t\t\t\t<div class=\"elementor-widget-container\">\n\t\t\t\t\t\t\t\t\t<p>Herzlich willkommen auf der offiziellen Webseite des 1. FC Alt-H\u00fcrth 2023 e.V.! Wir sind ein junger und ambitionierter Fu\u00dfballverein, der im Jahr 2023 in Alt-H\u00fcrth gegr\u00fcndet wurde. Unsere Leidenschaft f\u00fcr den Fu\u00dfball und unser Engagement f\u00fcr die Gemeinschaft treiben uns an, sowohl auf als auch neben dem Platz Gro\u00dfes zu erreichen.<\/p>\t\t\t\t\t\t\t\t<\/div>\n\t\t\t\t<\/div>\n\t\t\t\t<div class=\"elementor-element elementor-element-ad6d85c elementor-align-left elementor-widget elementor-widget-button\" data-id=\"ad6d85c\" data-element_type=\"widget\" data-widget_type=\"button.default\">\n\t\t\t\t<div class=\"elementor-widget-container\">\n\t\t\t\t\t\t\t\t\t<div class=\"elementor-button-wrapper\">\n\t\t\t\t\t<a class=\"elementor-button elementor-button-link elementor-size-sm\" href=\"mailto:info@1fcah.de\">\n\t\t\t\t\t\t<span class=\"elementor-button-content-wrapper\">\n\t\t\t\t\t\t<span class=\"elementor-button-icon\">\n\t\t\t\t<svg aria-hidden=\"true\" class=\"e-font-icon-svg e-far-envelope\" viewBox=\"0 0 512 512\" xmlns=\"http:\/\/www.w3.org\/2000\/svg\"><path d=\"M464 64H48C21.49 64 0 85.49 0 112v288c0 26.51 21.49 48 48 48h416c26.51 0 48-21.49 48-48V112c0-26.51-21.49-48-48-48zm0 48v40.805c-22.422 18.259-58.168 46.651-134.587 106.49-16.841 13.247-50.201 45.072-73.413 44.701-23.208.375-56.579-31.459-73.413-44.701C106.18 199.465 70.425 171.067 48 152.805V112h416zM48 400V214.398c22.914 18.251 55.409 43.862 104.938 82.646 21.857 17.205 60.134 55.186 103.062 54.955 42.717.231 80.509-37.199 103.053-54.947 49.528-38.783 82.032-64.401 104.947-82.653V400H48z\"><\/path><\/svg>\t\t\t<\/span>\n\t\t\t\t\t\t\t\t\t<span class=\"elementor-button-text\">Kontakt<\/span>\n\t\t\t\t\t<\/span>\n\t\t\t\t\t<\/a>\n\t\t\t\t<\/div>\n\t\t\t\t\t\t\t\t<\/div>\n\t\t\t\t<\/div>\n\t\t\t\t\t<\/div>\n\t\t\t\t<\/div>\n\t\t\t\t<\/div>\n\t\t<div class=\"elementor-element elementor-element-7765185 e-con-full e-flex e-con e-parent\" data-id=\"7765185\" data-element_type=\"container\">\n\t\t<div class=\"elementor-element elementor-element-c1935ea e-con-full e-flex e-con e-child\" data-id=\"c1935ea\" data-element_type=\"container\" data-settings=\"{&quot;background_background&quot;:&quot;classic&quot;}\">\n\t\t\t\t<div class=\"elementor-element elementor-element-e5d58f3 elementor-widget elementor-widget-heading\" data-id=\"e5d58f3\" data-element_type=\"widget\" data-widget_type=\"heading.default\">\n\t\t\t\t<div class=\"elementor-widget-container\">\n\t\t\t\t\t<h2 class=\"elementor-heading-title elementor-size-default\">Unsere Mission<\/h2>\t\t\t\t<\/div>\n\t\t\t\t<\/div>\n\t\t\t\t<div class=\"elementor-element elementor-element-5d26d56 elementor-widget-mobile__width-initial elementor-widget elementor-widget-text-editor\" data-id=\"5d26d56\" data-element_type=\"widget\" data-widget_type=\"text-editor.default\">\n\t\t\t\t<div class=\"elementor-widget-container\">\n\t\t\t\t\t\t\t\t\t<p>Unsere Mission ist es, den Spa\u00df am Fu\u00dfball und den Teamgeist zu f\u00f6rdern, w\u00e4hrend wir gleichzeitig eine starke und unterst\u00fctzende Gemeinschaft aufbauen. Wir glauben fest daran, dass Sport nicht nur k\u00f6rperliche Fitness f\u00f6rdert, sondern auch wichtige Werte wie Fairplay, Respekt und Zusammenhalt vermittelt.<br><\/p>\t\t\t\t\t\t\t\t<\/div>\n\t\t\t\t<\/div>\n\t\t\t\t<\/div>\n\t\t<div class=\"elementor-element elementor-element-a118122 e-flex e-con-boxed e-con e-child\" data-id=\"a118122\" data-element_type=\"container\" data-settings=\"{&quot;background_background&quot;:&quot;classic&quot;}\">\n\t\t\t\t\t<div class=\"e-con-inner\">\n\t\t\t\t<div class=\"elementor-element elementor-element-71ed589 elementor-widget elementor-widget-heading\" data-id=\"71ed589\" data-element_type=\"widget\" data-widget_type=\"heading.default\">\n\t\t\t\t<div class=\"elementor-widget-container\">\n\t\t\t\t\t<h2 class=\"elementor-heading-title elementor-size-default\">Unsere Mannschaften<\/h2>\t\t\t\t<\/div>\n\t\t\t\t<\/div>\n\t\t\t\t<div class=\"elementor-element elementor-element-6a8db42 elementor-widget-mobile__width-initial elementor-widget elementor-widget-text-editor\" data-id=\"6a8db42\" data-element_type=\"widget\" data-widget_type=\"text-editor.default\">\n\t\t\t\t<div class=\"elementor-widget-container\">\n\t\t\t\t\t\t\t\t\t<p>Derzeit konzentrieren wir uns auf den Aufbau unserer E-Jugendmannschaft. Junge Talente im Alter von 8 bis 10 Jahren sind bei uns herzlich willkommen, ihre ersten Schritte auf dem Fu\u00dfballplatz zu machen und ihre F\u00e4higkeiten weiterzuentwickeln. Mit engagierten Trainern und einem motivierten Team bieten wir eine hervorragende Umgebung, um das Fu\u00dfballspielen von Grund auf zu erlernen.<br><\/p>\t\t\t\t\t\t\t\t<\/div>\n\t\t\t\t<\/div>\n\t\t\t\t\t<\/div>\n\t\t\t\t<\/div>\n\t\t\t\t<\/div>\n\t\t<div class=\"elementor-element elementor-element-957a690 e-con-full e-flex e-con e-parent\" data-id=\"957a690\" data-element_type=\"container\">\n\t\t<div class=\"elementor-element elementor-element-2352b01 e-flex e-con-boxed e-con e-child\" data-id=\"2352b01\" data-element_type=\"container\" data-settings=\"{&quot;background_background&quot;:&quot;classic&quot;}\">\n\t\t\t\t\t<div class=\"e-con-inner\">\n\t\t\t\t<div class=\"elementor-element elementor-element-fabeb40 elementor-widget elementor-widget-heading\" data-id=\"fabeb40\" data-element_type=\"widget\" data-widget_type=\"heading.default\">\n\t\t\t\t<div class=\"elementor-widget-container\">\n\t\t\t\t\t<h2 class=\"elementor-heading-title elementor-size-default\">Zukunftspl\u00e4ne<\/h2>\t\t\t\t<\/div>\n\t\t\t\t<\/div>\n\t\t\t\t<div class=\"elementor-element elementor-element-439feb3 elementor-widget-mobile__width-initial elementor-widget elementor-widget-text-editor\" data-id=\"439feb3\" data-element_type=\"widget\" data-widget_type=\"text-editor.default\">\n\t\t\t\t<div class=\"elementor-widget-container\">\n\t\t\t\t\t\t\t\t\t<p>Unsere Vision f\u00fcr die Zukunft ist ehrgeizig. Neben der E-Jugend m\u00f6chten wir unser Angebot kontinuierlich erweitern und weitere Jugend- und Erwachsenenmannschaften ins Leben rufen. Wir arbeiten daran, ein breites Spektrum an Trainings- und Spielm\u00f6glichkeiten f\u00fcr alle Altersgruppen und angenehmes als auch forderndes Leistungsniveaus zu schaffen.<\/p>\t\t\t\t\t\t\t\t<\/div>\n\t\t\t\t<\/div>\n\t\t\t\t\t<\/div>\n\t\t\t\t<\/div>\n\t\t<div class=\"elementor-element elementor-element-a39698b e-flex e-con-boxed e-con e-child\" data-id=\"a39698b\" data-element_type=\"container\" data-settings=\"{&quot;background_background&quot;:&quot;classic&quot;}\">\n\t\t\t\t\t<div class=\"e-con-inner\">\n\t\t\t\t<div class=\"elementor-element elementor-element-f5f2bf8 elementor-widget elementor-widget-heading\" data-id=\"f5f2bf8\" data-element_type=\"widget\" data-widget_type=\"heading.default\">\n\t\t\t\t<div class=\"elementor-widget-container\">\n\t\t\t\t\t<h2 class=\"elementor-heading-title elementor-size-default\">Mitmachen und Unterst\u00fctzen<\/h2>\t\t\t\t<\/div>\n\t\t\t\t<\/div>\n\t\t\t\t<div class=\"elementor-element elementor-element-dcae071 elementor-widget-mobile__width-initial elementor-widget elementor-widget-text-editor\" data-id=\"dcae071\" data-element_type=\"widget\" data-widget_type=\"text-editor.default\">\n\t\t\t\t<div class=\"elementor-widget-container\">\n\t\t\t\t\t\t\t\t\t<p>Wenn du oder dein Kind Interesse habt, Teil unseres Vereins zu werden, freuen wir uns, von euch zu h\u00f6ren! Egal ob als Spieler, Trainer oder Unterst\u00fctzer \u2013 beim 1. FC Alt-H\u00fcrth 2023 gibt es viele M\u00f6glichkeiten, sich zu engagieren und Teil unserer wachsenden Fu\u00dfballfamilie zu werden.<\/p>\t\t\t\t\t\t\t\t<\/div>\n\t\t\t\t<\/div>\n\t\t\t\t\t<\/div>\n\t\t\t\t<\/div>\n\t\t\t\t<\/div>\n\t\t<div class=\"elementor-element elementor-element-e72403e e-con-full e-flex e-con e-parent\" data-id=\"e72403e\" data-element_type=\"container\">\n\t\t<div class=\"elementor-element elementor-element-8cf6ce0 e-con-full e-flex e-con e-child\" data-id=\"8cf6ce0\" data-element_type=\"container\">\n\t\t\t\t<div class=\"elementor-element elementor-element-2333fcb elementor-widget elementor-widget-heading\" data-id=\"2333fcb\" data-element_type=\"widget\" data-widget_type=\"heading.default\">\n\t\t\t\t<div class=\"elementor-widget-container\">\n\t\t\t\t\t<h2 class=\"elementor-heading-title elementor-size-default\">Kontakt<\/h2>\t\t\t\t<\/div>\n\t\t\t\t<\/div>\n\t\t\t\t<div class=\"elementor-element elementor-element-f9fd3a3 elementor-widget elementor-widget-text-editor\" data-id=\"f9fd3a3\" data-element_type=\"widget\" data-widget_type=\"text-editor.default\">\n\t\t\t\t<div class=\"elementor-widget-container\">\n\t\t\t\t\t\t\t\t\t<p>F\u00fcr weitere Informationen oder Fragen stehen wir euch gerne zur Verf\u00fcgung. Schreibt uns eine E-Mail an\u00a0<a href=\"mailto:info@1fcah.de\" target=\"_blank\" rel=\"noopener\">info@1fcah.de\u00a0<\/a>oder besucht uns direkt auf dem Trainingsgel\u00e4nde. Gemeinsam gestalten wir die Zukunft des Fu\u00dfballs in Alt-H\u00fcrth!<\/p>\t\t\t\t\t\t\t\t<\/div>\n\t\t\t\t<\/div>\n\t\t\t\t<\/div>\n\t\t\t\t<\/div>\n\t\t\t\t<\/div>\n\t\t","protected":false},"excerpt":{"rendered":"<p>Unser Verein Herzlich willkommen auf der offiziellen Webseite des 1. FC Alt-H\u00fcrth 2023 e.V.! Wir sind ein junger und ambitionierter Fu\u00dfballverein, der im Jahr 2023 in Alt-H\u00fcrth gegr\u00fcndet wurde. Unsere Leidenschaft f\u00fcr den Fu\u00dfball und unser Engagement f\u00fcr die Gemeinschaft treiben uns an, sowohl auf als auch neben dem Platz Gro\u00dfes zu erreichen. Kontakt Unsere [&hellip;]<\/p>\n","protected":false},"author":1,"featured_media":0,"parent":0,"menu_order":0,"comment_status":"closed","ping_status":"closed","template":"","meta":{"footnotes":""},"class_list":["post-8","page","type-page","status-publish","hentry"],"_links":{"self":[{"href":"https:\/\/1fcah.de\/index.php?rest_route=\/wp\/v2\/pages\/8","targetHints":{"allow":["GET"]}}],"collection":[{"href":"https:\/\/1fcah.de\/index.php?rest_route=\/wp\/v2\/pages"}],"about":[{"href":"https:\/\/1fcah.de\/index.php?rest_route=\/wp\/v2\/types\/page"}],"author":[{"embeddable":true,"href":"https:\/\/1fcah.de\/index.php?rest_route=\/wp\/v2\/users\/1"}],"replies":[{"embeddable":true,"href":"https:\/\/1fcah.de\/index.php?rest_route=%2Fwp%2Fv2%2Fcomments&post=8"}],"version-history":[{"count":38,"href":"https:\/\/1fcah.de\/index.php?rest_route=\/wp\/v2\/pages\/8\/revisions"}],"predecessor-version":[{"id":111,"href":"https:\/\/1fcah.de\/index.php?rest_route=\/wp\/v2\/pages\/8\/revisions\/111"}],"wp:attachment":[{"href":"https:\/\/1fcah.de\/index.php?rest_route=%2Fwp%2Fv2%2Fmedia&parent=8"}],"curies":[{"name":"wp","href":"https:\/\/api.w.org\/{rel}","templated":true}]}}